{"id":6974,"date":"2025-08-04T22:18:30","date_gmt":"2025-08-04T21:18:30","guid":{"rendered":"https:\/\/milenkogilic.de\/?page_id=6974"},"modified":"2025-08-05T00:13:20","modified_gmt":"2025-08-04T23:13:20","slug":"startseite-trainer","status":"publish","type":"page","link":"https:\/\/milenkogilic.de\/?page_id=6974","title":{"rendered":"Trainer"},"content":{"rendered":"<div data-colibri-id=\"6974-c1\" class=\"style-1441 style-local-6974-c1 position-relative\">\n  <!---->\n  <div data-colibri-component=\"section\" data-colibri-id=\"6974-c2\" id=\"about-2\" class=\"h-section h-section-global-spacing d-flex align-items-lg-center align-items-md-center align-items-center style-1442 style-local-6974-c2 position-relative\">\n    <!---->\n    <!---->\n    <div class=\"h-section-grid-container h-section-boxed-container\">\n      <!---->\n      <div data-colibri-id=\"6974-c3\" class=\"h-row-container gutters-row-lg-2 gutters-row-md-2 gutters-row-0 gutters-row-v-lg-2 gutters-row-v-md-2 gutters-row-v-2 style-1443 style-local-6974-c3 position-relative\">\n        <!---->\n        <div class=\"h-row justify-content-lg-center justify-content-md-center justify-content-center align-items-lg-stretch align-items-md-stretch align-items-stretch gutters-col-lg-2 gutters-col-md-2 gutters-col-0 gutters-col-v-lg-2 gutters-col-v-md-2 gutters-col-v-2\">\n          <!---->\n          <div class=\"h-column h-column-container d-flex h-col-lg-auto h-col-md-auto h-col-auto style-1444-outer style-local-6974-c4-outer\">\n            <div data-colibri-id=\"6974-c4\" class=\"d-flex h-flex-basis h-column__inner h-px-lg-2 h-px-md-2 h-px-2 v-inner-lg-2 v-inner-md-2 v-inner-2 style-1444 style-local-6974-c4 position-relative\">\n              <!---->\n              <!---->\n              <div class=\"w-100 h-y-container h-column__content h-column__v-align flex-basis-100 align-self-lg-center align-self-md-center align-self-center\">\n                <!---->\n                <div data-colibri-id=\"6974-c5\" class=\"h-global-transition-all h-heading style-1445 style-local-6974-c5 position-relative h-element\">\n                  <!---->\n                  <div class=\"h-heading__outer style-1445 style-local-6974-c5\">\n                    <!---->\n                    <!---->\n                    <h1 class=\"\"><strong style=\"font-weight: 700; font-size: 62%;\">was macht einen guten Trainer aus?<\/strong><span style=\"font-size: 57%;\"><br><\/span><\/h1>\n                  <\/div>\n                <\/div>\n                <div data-colibri-id=\"6974-c6\" class=\"h-lead h-text h-text-component style-1446 style-local-6974-c6 position-relative h-element\">\n                  <!---->\n                  <!---->\n                  <div class=\"\">\n                    <p><strong style=\"font-family: &quot;Open Sans&quot;; font-weight: 600; font-size: 22.56px;\"><br>Aktiv<\/strong><span style=\"font-family: &quot;Open Sans&quot;;\"><br>Wir warten nicht ab \u2013 wir gestalten. Durch proaktive Kommunikation, l\u00f6sungsorientiertes Denken und Eigeninitiative treiben wir Projekte, Entscheidungen und Ver\u00e4nderungen konsequent voran.<\/span><\/p>\n                    <p><strong style=\"font-family: &quot;Open Sans&quot;; font-size: 22.56px; font-weight: 600;\">Mutig agierend<\/strong><span style=\"font-family: &quot;Open Sans&quot;;\"><br>Mut bedeutet f\u00fcr uns nicht nur, Risiken bewusst einzugehen, sondern auch, klare Position zu beziehen. Wir scheuen uns nicht, Neues zu wagen, Verantwortung zu \u00fcbernehmen und auch unbequeme Themen anzusprechen, wenn es dem Fortschritt dient.<\/span><\/p>\n                    <p><strong style=\"font-family: &quot;Open Sans&quot;; font-size: 22.56px; font-weight: 600;\">Handlungsschnell<\/strong><span style=\"font-family: &quot;Open Sans&quot;;\"><br>Wir entscheiden und handeln z\u00fcgig \u2013 ohne unn\u00f6tige Umwege. Dabei behalten wir das Wesentliche im Blick und setzen Priorit\u00e4ten, um Herausforderungen effizient und entschlossen zu bew\u00e4ltigen.<\/span><\/p>\n                  <\/div>\n                <\/div>\n              <\/div>\n            <\/div>\n          <\/div>\n          <div class=\"h-column h-column-container d-flex h-col-lg-auto h-col-md-auto h-col-auto style-1447-outer style-local-6974-c7-outer\">\n            <div data-colibri-id=\"6974-c7\" class=\"d-flex h-flex-basis h-column__inner h-px-lg-2 h-px-md-2 h-px-2 v-inner-lg-2 v-inner-md-2 v-inner-2 style-1447 style-local-6974-c7 position-relative\">\n              <!---->\n              <!---->\n              <div class=\"w-100 h-y-container h-column__content h-column__v-align flex-basis-100 align-self-lg-start align-self-md-start align-self-start\">\n                <!---->\n                <div data-colibri-id=\"6974-c8\" class=\"h-multiple-image style-1448 style-local-6974-c8 position-relative h-element\">\n                  <!---->\n                  <div class=\"position-relative\">\n                    <div class=\"h-multiple-image-inside-container\">\n                      <div class=\"ratio-inner\">\n                        <div data-colibri-id=\"6974-c9\" class=\"d-block style-1449 style-local-6974-c9 position-relative h-element\">\n                          <!---->\n                          <div class=\"h-image__frame-container-outer\">\n                            <div class=\"h-image__frame-container\">\n                              <!---->\n                              <!---->\n                              <img loading=\"lazy\" decoding=\"async\" width=\"559\" height=\"557\" src=\"https:\/\/milenkogilic.de\/wp-content\/uploads\/2025\/07\/cropped-cropped-cropped-cropped-cropped-meinTraining.png\" class=\"style-1448-images style-local-6974-c8-images wp-image-7134 style-1449-image style-local-6974-c9-image\" alt=\"\" srcset=\"https:\/\/milenkogilic.de\/wp-content\/uploads\/2025\/07\/cropped-cropped-cropped-cropped-cropped-meinTraining.png 559w, https:\/\/milenkogilic.de\/wp-content\/uploads\/2025\/07\/cropped-cropped-cropped-cropped-cropped-meinTraining-300x300.png 300w, https:\/\/milenkogilic.de\/wp-content\/uploads\/2025\/07\/cropped-cropped-cropped-cropped-cropped-meinTraining-150x150.png 150w\" sizes=\"auto, (max-width: 559px) 100vw, 559px\" \/>\n                              <div class=\"h-image__frame h-hide-lg h-hide-md h-hide-sm style-1449-frameImage style-local-6974-c9-frameImage\"><\/div>\n                            <\/div>\n                          <\/div>\n                        <\/div>\n                      <\/div>\n                    <\/div>\n                  <\/div>\n                <\/div>\n              <\/div>\n            <\/div>\n          <\/div>\n        <\/div>\n      <\/div>\n    <\/div>\n  <\/div>\n<\/div>","protected":false},"excerpt":{"rendered":"<p>was macht einen guten Trainer aus? AktivWir warten nicht ab \u2013 wir gestalten. [&hellip;]<\/p>\n","protected":false},"author":2,"featured_media":0,"parent":0,"menu_order":0,"comment_status":"closed","ping_status":"closed","template":"page-templates\/full-width-page.php","meta":{"footnotes":""},"class_list":["post-6974","page","type-page","status-publish","hentry"],"_links":{"self":[{"href":"https:\/\/milenkogilic.de\/index.php?rest_route=\/wp\/v2\/pages\/6974","targetHints":{"allow":["GET"]}}],"collection":[{"href":"https:\/\/milenkogilic.de\/index.php?rest_route=\/wp\/v2\/pages"}],"about":[{"href":"https:\/\/milenkogilic.de\/index.php?rest_route=\/wp\/v2\/types\/page"}],"author":[{"embeddable":true,"href":"https:\/\/milenkogilic.de\/index.php?rest_route=\/wp\/v2\/users\/2"}],"replies":[{"embeddable":true,"href":"https:\/\/milenkogilic.de\/index.php?rest_route=%2Fwp%2Fv2%2Fcomments&post=6974"}],"version-history":[{"count":20,"href":"https:\/\/milenkogilic.de\/index.php?rest_route=\/wp\/v2\/pages\/6974\/revisions"}],"predecessor-version":[{"id":7387,"href":"https:\/\/milenkogilic.de\/index.php?rest_route=\/wp\/v2\/pages\/6974\/revisions\/7387"}],"wp:attachment":[{"href":"https:\/\/milenkogilic.de\/index.php?rest_route=%2Fwp%2Fv2%2Fmedia&parent=6974"}],"curies":[{"name":"wp","href":"https:\/\/api.w.org\/{rel}","templated":true}]}}