{"id":3092,"date":"2025-07-13T01:38:05","date_gmt":"2025-07-13T00:38:05","guid":{"rendered":"https:\/\/milenkogilic.de\/?page_id=3092"},"modified":"2025-08-04T23:58:45","modified_gmt":"2025-08-04T22:58:45","slug":"colibri-3092","status":"publish","type":"page","link":"https:\/\/milenkogilic.de\/?page_id=3092","title":{"rendered":"Startseite"},"content":{"rendered":"<div data-colibri-id=\"3092-c1\" class=\"style-723 style-local-3092-c1 position-relative\">\n  <!---->\n  <div data-colibri-component=\"section\" data-colibri-id=\"3092-c2\" id=\"trainer\" class=\"h-section h-section-global-spacing d-flex align-items-lg-center align-items-md-center align-items-center style-1073 style-local-3092-c2 position-relative\">\n    <!---->\n    <!---->\n    <div class=\"h-section-grid-container h-section-boxed-container\">\n      <!---->\n      <div data-colibri-id=\"3092-c3\" class=\"h-row-container gutters-row-lg-0 gutters-row-md-0 gutters-row-0 gutters-row-v-lg-0 gutters-row-v-md-0 gutters-row-v-0 style-1074 style-local-3092-c3 position-relative\">\n        <!---->\n        <div class=\"h-row justify-content-lg-center justify-content-md-center justify-content-center align-items-lg-center align-items-md-center align-items-center gutters-col-lg-0 gutters-col-md-0 gutters-col-0 gutters-col-v-lg-0 gutters-col-v-md-0 gutters-col-v-0\">\n          <!---->\n          <div class=\"h-column h-column-container d-flex h-col-lg-auto h-col-md-auto h-col-auto align-self-lg-center align-self-md-center align-self-center style-1075-outer style-local-3092-c4-outer\">\n            <div data-colibri-id=\"3092-c4\" class=\"d-flex h-flex-basis h-column__inner h-ui-empty-state-container h-px-lg-0 h-px-md-0 h-px-0 v-inner-lg-0 v-inner-md-0 v-inner-0 style-1075 style-local-3092-c4 position-relative\">\n              <!---->\n              <!---->\n              <div class=\"w-100 h-y-container h-column__content h-column__v-align flex-basis-100\">\n                <!---->\n              <\/div>\n            <\/div>\n          <\/div>\n          <div class=\"h-column h-column-container d-flex h-col-lg-auto h-col-md-auto h-col-auto align-self-lg-center align-self-md-center align-self-center style-1076-outer style-local-3092-c5-outer\">\n            <div data-colibri-id=\"3092-c5\" class=\"d-flex h-flex-basis h-column__inner h-px-lg-2 h-px-md-2 h-px-2 v-inner-lg-2 v-inner-md-2 v-inner-2 style-1076 style-local-3092-c5 position-relative\">\n              <!---->\n              <!---->\n              <div class=\"w-100 h-y-container h-column__content h-column__v-align flex-basis-100 align-self-lg-start align-self-md-start align-self-start\">\n                <!---->\n                <div data-colibri-id=\"3092-c6\" class=\"h-global-transition-all h-heading style-1078 style-local-3092-c6 position-relative h-element\">\n                  <!---->\n                  <div class=\"h-heading__outer style-1078 style-local-3092-c6\">\n                    <!---->\n                    <!---->\n                    <h2 class=\"\">Wof\u00fcr ich stehe\n                      <br>\n                    <\/h2>\n                  <\/div>\n                <\/div>\n                <div data-colibri-id=\"3092-c7\" class=\"h-lead h-text h-text-component style-1114 style-local-3092-c7 position-relative h-element\">\n                  <!---->\n                  <!---->\n                  <div class=\"\">\n                    <p><span style=\"font-family: &quot;Open Sans&quot;; font-weight: 400;\">Fu\u00dfball ist nach meinem Verst\u00e4ndnis in erster Linie Emotionalit\u00e4t, Begeisterung, Leidenschaft, Ehrgeiz, auf ein gemeinsames Ziel ausgerichtete und vertrauensvolle Teamarbeit. F\u00fcr mich ist das die Basis, um mit gro\u00dfer Disziplin, einer klaren Idee, stetigem Flei\u00df und Empathie Personen zu begeistern, aus gegebenen Bedingungen das Maximale herauszuholen und somit Ergebnisse und Entwicklung zu generieren.<\/span>\n                      <br>\n                    <\/p>\n                  <\/div>\n                <\/div>\n                <div data-colibri-id=\"3092-c8\" class=\"h-x-container style-1439 style-local-3092-c8 position-relative h-element\">\n                  <!---->\n                  <div class=\"h-x-container-inner style-dynamic-3092-c8-group style-1439-spacing style-local-3092-c8-spacing\"><span class=\"h-button__outer style-1110-outer style-local-3092-c9-outer d-inline-flex h-element\"><a h-use-smooth-scroll=\"true\" href=\"https:\/\/milenkogilic.de\/?page_id=6974\"  data-colibri-id=\"3092-c9\" class=\"d-flex w-100 align-items-center h-button justify-content-lg-center justify-content-md-center justify-content-center style-1110 style-local-3092-c9 position-relative\"><!----><!----> <span>Kurzvorstellung<\/span><\/a>\n                    <\/span>\n                  <\/div>\n                <\/div>\n              <\/div>\n            <\/div>\n          <\/div>\n        <\/div>\n      <\/div>\n    <\/div>\n  <\/div>\n  <div data-colibri-component=\"section\" data-colibri-id=\"3092-c10\" id=\"werdegang\" class=\"h-section h-section-global-spacing d-flex align-items-lg-center align-items-md-center align-items-center style-1096 style-local-3092-c10 position-relative\">\n    <!---->\n    <!---->\n    <div class=\"h-section-grid-container h-section-boxed-container\">\n      <!---->\n      <div data-colibri-id=\"3092-c11\" class=\"h-row-container gutters-row-lg-0 gutters-row-md-0 gutters-row-0 gutters-row-v-lg-0 gutters-row-v-md-0 gutters-row-v-0 style-1097 style-local-3092-c11 position-relative\">\n        <!---->\n        <div class=\"h-row justify-content-lg-center justify-content-md-center justify-content-center align-items-lg-stretch align-items-md-stretch align-items-stretch gutters-col-lg-0 gutters-col-md-0 gutters-col-0 gutters-col-v-lg-0 gutters-col-v-md-0 gutters-col-v-0\">\n          <!---->\n          <div class=\"h-column h-column-container d-flex h-col-lg-auto h-col-md-auto h-col-auto style-1098-outer style-local-3092-c12-outer\">\n            <div data-colibri-id=\"3092-c12\" class=\"d-flex h-flex-basis h-column__inner h-px-lg-0 h-px-md-0 h-px-0 v-inner-lg-0 v-inner-md-0 v-inner-0 style-1098 style-local-3092-c12 position-relative\">\n              <!---->\n              <!---->\n              <div class=\"w-100 h-y-container h-column__content h-column__v-align flex-basis-100 align-self-lg-start align-self-md-start align-self-start\">\n                <!---->\n                <div data-colibri-id=\"3092-c13\" class=\"h-global-transition-all h-heading style-1100 style-local-3092-c13 position-relative h-element\">\n                  <!---->\n                  <div class=\"h-heading__outer style-1100 style-local-3092-c13\">\n                    <!---->\n                    <!---->\n                    <h2 class=\"\">Werdegang als Tortwarttrainer<\/h2>\n                  <\/div>\n                <\/div>\n                <div data-colibri-id=\"3092-c14\" class=\"h-lead h-text h-text-component style-1434 style-local-3092-c14 position-relative h-element\">\n                  <!---->\n                  <!---->\n                  <div class=\"\">\n                    <p><span style=\"font-size: 147%; font-weight: 400; font-family: &quot;Open Sans&quot;;\"><br>Funktionen <br>&amp; <br>Einsatzgebiete<\/span><\/p>\n                    <p>\n                      <br>\n                    <\/p>\n                  <\/div>\n                <\/div>\n                <div data-colibri-id=\"3092-c15\" class=\"h-x-container style-1109 style-local-3092-c15 position-relative h-element\">\n                  <!---->\n                  <div class=\"h-x-container-inner style-dynamic-3092-c15-group style-1109-spacing style-local-3092-c15-spacing\"><span class=\"h-button__outer style-1110-outer style-local-3092-c16-outer d-inline-flex h-element\"><a h-use-smooth-scroll=\"true\" href=\"https:\/\/milenkogilic.de\/?page_id=5310\"  data-colibri-id=\"3092-c16\" class=\"d-flex w-100 align-items-center h-button justify-content-lg-center justify-content-md-center justify-content-center style-1110 style-local-3092-c16 position-relative\"><!----><!----> <span>Detaillierte Ausk\u00fcnfte<\/span><\/a>\n                    <\/span><span class=\"h-button__outer style-1438-outer style-local-3092-c17-outer d-inline-flex h-element\"><a h-use-smooth-scroll=\"true\" href=\"https:\/\/www.transfermarkt.de\/milenko-gilic\/profil\/spieler\/40096\"  data-colibri-id=\"3092-c17\" class=\"d-flex w-100 align-items-center h-button justify-content-lg-center justify-content-md-center justify-content-center style-1438 style-local-3092-c17 position-relative\"><!----><!----> <span>Transfermarkt (Info)<\/span><\/a>\n                    <\/span>\n                  <\/div>\n                <\/div>\n              <\/div>\n            <\/div>\n          <\/div>\n          <div class=\"h-column h-column-container d-flex h-col-lg-auto h-col-md-auto h-col-auto style-1102-outer style-local-3092-c18-outer\">\n            <div data-colibri-id=\"3092-c18\" class=\"d-flex h-flex-basis h-column__inner h-ui-empty-state-container h-px-lg-2 h-px-md-2 h-px-2 v-inner-lg-2 v-inner-md-2 v-inner-2 style-1102 style-local-3092-c18 position-relative\">\n              <!---->\n              <!---->\n              <div class=\"w-100 h-y-container h-column__content h-column__v-align flex-basis-100\">\n                <!---->\n              <\/div>\n            <\/div>\n          <\/div>\n        <\/div>\n      <\/div>\n    <\/div>\n  <\/div>\n  <div data-colibri-component=\"section\" data-colibri-id=\"3092-c19\" id=\"kontakt\" class=\"h-section h-section-global-spacing d-flex align-items-lg-center align-items-md-center align-items-center style-1105 style-local-3092-c19 position-relative\">\n    <!---->\n    <!---->\n    <div class=\"h-section-grid-container h-section-boxed-container\">\n      <!---->\n      <div data-colibri-id=\"3092-c20\" class=\"h-row-container gutters-row-lg-0 gutters-row-md-0 gutters-row-0 gutters-row-v-lg-0 gutters-row-v-md-0 gutters-row-v-0 style-1304 style-local-3092-c20 position-relative\">\n        <!---->\n        <div class=\"h-row justify-content-lg-center justify-content-md-center justify-content-center align-items-lg-stretch align-items-md-stretch align-items-stretch gutters-col-lg-0 gutters-col-md-0 gutters-col-0 gutters-col-v-lg-0 gutters-col-v-md-0 gutters-col-v-0\">\n          <!---->\n          <div class=\"h-column h-column-container d-flex h-col-lg-6 h-col-md-6 h-col-12 style-1106-outer style-local-3092-c21-outer\">\n            <div data-colibri-id=\"3092-c21\" class=\"d-flex h-flex-basis h-column__inner h-px-lg-3 h-px-md-3 h-px-3 v-inner-lg-3 v-inner-md-3 v-inner-3 style-1106 style-local-3092-c21 position-relative\">\n              <!---->\n              <!---->\n              <div class=\"w-100 h-y-container h-column__content h-column__v-align flex-basis-100 align-self-lg-start align-self-md-start align-self-start\">\n                <!---->\n                <div data-colibri-id=\"3092-c22\" class=\"h-contact-form__outer--forminator style-1104 style-local-3092-c22 position-relative h-element\">\n                  <!---->\n                  <div class=\"h-global-transition-all h-global-transition h-global-transition-all h-contact-form-shortcode\"><div class=\"forminator-ui forminator-custom-form forminator-custom-form-1095 forminator-design--default  forminator_ajax\" data-forminator-render=\"0\" data-form=\"forminator-module-1095\" data-uid=\"69f560bcdecdf\"><br\/><\/div><form\n\t\t\t\tid=\"forminator-module-1095\"\n\t\t\t\tclass=\"forminator-ui forminator-custom-form forminator-custom-form-1095 forminator-design--default  forminator_ajax\"\n\t\t\t\tmethod=\"post\"\n\t\t\t\tdata-forminator-render=\"0\"\n\t\t\t\tdata-form-id=\"1095\"\n\t\t\t\t data-color-option=\"theme\" data-design=\"default\" data-grid=\"open\" style=\"display: none;\"\n\t\t\t\tdata-uid=\"69f560bcdecdf\"\n\t\t\t><div role=\"alert\" aria-live=\"polite\" class=\"forminator-response-message forminator-error\" aria-hidden=\"true\"><\/div><div class=\"forminator-row\"><div id=\"name-1\" class=\"forminator-field-name forminator-col forminator-col-12 \"><div class=\"forminator-field\"><label for=\"forminator-field-name-1_69f560bcdecdf\" id=\"forminator-field-name-1_69f560bcdecdf-label\" class=\"forminator-label\">Name <span class=\"forminator-required\">*<\/span><\/label><input type=\"text\" name=\"name-1\" value=\"\" placeholder=\"Bitte Namen eingeben\" id=\"forminator-field-name-1_69f560bcdecdf\" class=\"forminator-input forminator-name--field\" aria-required=\"true\" autocomplete=\"name\" \/><\/div><\/div><\/div><div class=\"forminator-row\"><div id=\"email-1\" class=\"forminator-field-email forminator-col forminator-col-12 \"><div class=\"forminator-field\"><label for=\"forminator-field-email-1_69f560bcdecdf\" id=\"forminator-field-email-1_69f560bcdecdf-label\" class=\"forminator-label\">e-Mail Adresse <span class=\"forminator-required\">*<\/span><\/label><input type=\"email\" name=\"email-1\" value=\"\" placeholder=\"Bitte e-Mail Adresse eingeben\" id=\"forminator-field-email-1_69f560bcdecdf\" class=\"forminator-input forminator-email--field\" data-required=\"1\" aria-required=\"true\" autocomplete=\"email\" \/><\/div><\/div><\/div><div class=\"forminator-row\"><div id=\"textarea-1\" class=\"forminator-field-textarea forminator-col forminator-col-12 \"><div class=\"forminator-field\"><label for=\"forminator-field-textarea-1_69f560bcdecdf\" id=\"forminator-field-textarea-1_69f560bcdecdf-label\" class=\"forminator-label\">Nachricht <span class=\"forminator-required\">*<\/span><\/label><span id=\"forminator-field-textarea-1_69f560bcdecdf-description\" class=\"forminator-description\"><span data-limit=\"280\" data-type=\"characters\" data-editor=\"\">0 \/ 280<\/span><\/span><textarea name=\"textarea-1\" placeholder=\"Geben Sie hier Ihre Nachricht ein\" id=\"forminator-field-textarea-1_69f560bcdecdf\" class=\"forminator-textarea\" rows=\"6\" style=\"--forminator-textarea-min-height:200px;\" maxlength=\"280\" ><\/textarea><\/div><\/div><\/div><div class=\"forminator-row\"><div id=\"phone-1\" class=\"forminator-field-phone forminator-col forminator-col-12 \"><div class=\"forminator-field\"><label for=\"forminator-field-phone-1_69f560bcdecdf\" id=\"forminator-field-phone-1_69f560bcdecdf-label\" class=\"forminator-label\">Telefonnummer<\/label><span id=\"forminator-field-phone-1_69f560bcdecdf-description\" class=\"forminator-description\" id=\"forminator-field-phone-1_69f560bcdecdf-description\"><span data-limit=\"10\" data-type=\"\">0 \/ 10<\/span><\/span><input type=\"text\" name=\"phone-1\" value=\"\" placeholder=\"Bitte Ihre Telefonnummer eingeben\" id=\"forminator-field-phone-1_69f560bcdecdf\" class=\"forminator-input forminator-field--phone\" data-required=\"\" aria-required=\"false\" autocomplete=\"off\" maxlength=\"10\" data-validation=\"character_limit\" \/><\/div><\/div><\/div><input type=\"hidden\" name=\"referer_url\" value=\"\" \/><div class=\"forminator-row forminator-row-last\"><div class=\"forminator-col\"><div class=\"forminator-field\"><button class=\"forminator-button forminator-button-submit\">Absenden<\/button><\/div><\/div><\/div><input type=\"hidden\" id=\"forminator_nonce\" name=\"forminator_nonce\" value=\"081e88cdb7\" \/><input type=\"hidden\" name=\"_wp_http_referer\" value=\"\/index.php?rest_route=%2Fwp%2Fv2%2Fpages%2F3092\" \/><input type=\"hidden\" name=\"form_id\" value=\"1095\"><input type=\"hidden\" name=\"page_id\" value=\"3092\"><input type=\"hidden\" name=\"form_type\" value=\"default\"><input type=\"hidden\" name=\"current_url\" value=\"https:\/\/milenkogilic.de\/?page_id=3092\"><input type=\"hidden\" name=\"render_id\" value=\"0\"><input type=\"hidden\" name=\"action\" value=\"forminator_submit_form_custom-forms\"><\/form><\/div>\n                <\/div>\n              <\/div>\n            <\/div>\n          <\/div>\n          <div class=\"h-column h-column-container d-flex h-col-lg-6 h-col-md-6 h-col-12 style-1112-outer style-local-3092-c23-outer\">\n            <div data-colibri-id=\"3092-c23\" class=\"d-flex h-flex-basis h-column__inner h-px-lg-2 h-px-md-2 h-px-2 v-inner-lg-2 v-inner-md-2 v-inner-2 style-1112 style-local-3092-c23 position-relative\">\n              <div class=\"background-wrapper\">\n                <div class=\"background-layer background-layer-media-container-lg\">\n                  <!---->\n                  <div class=\"overlay-layer\">\n                    <div class=\"overlay-image-layer\" style=\"background-color: rgb(246, 248, 250); opacity: 0.5;\"><\/div>\n                  <\/div>\n                <\/div>\n                <div class=\"background-layer background-layer-media-container-md\">\n                  <!---->\n                  <div class=\"overlay-layer\">\n                    <div class=\"overlay-image-layer\" style=\"background-color: rgb(246, 248, 250); opacity: 0.5;\"><\/div>\n                  <\/div>\n                <\/div>\n                <div class=\"background-layer background-layer-media-container\">\n                  <!---->\n                  <div class=\"overlay-layer\">\n                    <div class=\"overlay-image-layer\" style=\"background-color: rgb(246, 248, 250); opacity: 0.5;\"><\/div>\n                  <\/div>\n                <\/div>\n              <\/div>\n              <!---->\n              <div class=\"w-100 h-y-container h-column__content h-column__v-align flex-basis-100 align-self-lg-start align-self-md-start align-self-start\">\n                <!---->\n                <div data-colibri-id=\"3092-c24\" class=\"h-global-transition-all h-heading style-1078 style-local-3092-c24 position-relative h-element\">\n                  <!---->\n                  <div class=\"h-heading__outer style-1078 style-local-3092-c24\">\n                    <!---->\n                    <!---->\n                    <h2 class=\"\">\n                      <br>Klingt das spannend?<\/h2>\n                  <\/div>\n                <\/div>\n                <div data-colibri-id=\"3092-c25\" class=\"h-global-transition-all h-heading style-1078 style-local-3092-c25 position-relative h-element\">\n                  <!---->\n                  <div class=\"h-heading__outer style-1078 style-local-3092-c25\">\n                    <!---->\n                    <!---->\n                    <h2 class=\"\"><span style=\"font-weight: 400;\">Dann lassen sie uns ins Gespr\u00e4ch kommen <\/span><\/h2>\n                  <\/div>\n                <\/div>\n                <div data-colibri-id=\"3092-c26\" class=\"h-lead h-text h-text-component style-941 style-local-3092-c26 position-relative h-element\">\n                  <!---->\n                  <!---->\n                  <div class=\"\">\n                    <p><span style=\"font-family: &quot;Open Sans&quot;;\">Als lizenzierter Torwarttrainer mit eigener aktiver Erfahrung zwischen den Pfosten wei\u00df ich genau, welche besonderen Anforderungen und Herausforderungen diese Position mit sich bringt.<br><br>Ob es um die technische Ausbildung, mentale St\u00e4rke oder moderne Trainingsmethoden f\u00fcr Torh\u00fcter geht \u2013 ich teile mein Wissen und meine Leidenschaft gerne.<\/span><\/p>\n                    <p><span style=\"font-family: &quot;Open Sans&quot;;\">Melden Sie sich gerne, um weitere Details zu erfahren. Ich freue mich auf einen spannenden Austausch \u00fcber Torwarttraining, individuelle F\u00f6rderung oder m\u00f6gliche Zusammenarbeit.<\/span><\/p>\n                  <\/div>\n                <\/div>\n              <\/div>\n            <\/div>\n          <\/div>\n        <\/div>\n      <\/div>\n    <\/div>\n  <\/div>\n<\/div>","protected":false},"excerpt":{"rendered":"<p>Wof\u00fcr ich stehe Fu\u00dfball ist nach meinem Verst\u00e4ndnis in erster Linie Emotionalit\u00e4t, Begeisterung, [&hellip;]<\/p>\n","protected":false},"author":2,"featured_media":0,"parent":0,"menu_order":0,"comment_status":"closed","ping_status":"closed","template":"page-templates\/full-width-page.php","meta":{"footnotes":""},"class_list":["post-3092","page","type-page","status-publish","hentry"],"_links":{"self":[{"href":"https:\/\/milenkogilic.de\/index.php?rest_route=\/wp\/v2\/pages\/3092","targetHints":{"allow":["GET"]}}],"collection":[{"href":"https:\/\/milenkogilic.de\/index.php?rest_route=\/wp\/v2\/pages"}],"about":[{"href":"https:\/\/milenkogilic.de\/index.php?rest_route=\/wp\/v2\/types\/page"}],"author":[{"embeddable":true,"href":"https:\/\/milenkogilic.de\/index.php?rest_route=\/wp\/v2\/users\/2"}],"replies":[{"embeddable":true,"href":"https:\/\/milenkogilic.de\/index.php?rest_route=%2Fwp%2Fv2%2Fcomments&post=3092"}],"version-history":[{"count":20,"href":"https:\/\/milenkogilic.de\/index.php?rest_route=\/wp\/v2\/pages\/3092\/revisions"}],"predecessor-version":[{"id":7310,"href":"https:\/\/milenkogilic.de\/index.php?rest_route=\/wp\/v2\/pages\/3092\/revisions\/7310"}],"wp:attachment":[{"href":"https:\/\/milenkogilic.de\/index.php?rest_route=%2Fwp%2Fv2%2Fmedia&parent=3092"}],"curies":[{"name":"wp","href":"https:\/\/api.w.org\/{rel}","templated":true}]}}